{"id":1453,"date":"2024-03-06T08:29:41","date_gmt":"2024-03-06T07:29:41","guid":{"rendered":"https:\/\/www.systemservice.se\/?page_id=1453"},"modified":"2024-03-26T13:56:38","modified_gmt":"2024-03-26T12:56:38","slug":"tjanster","status":"publish","type":"page","link":"https:\/\/www.systemservice.se\/en\/tjanster\/","title":{"rendered":"Services"},"content":{"rendered":"<div data-elementor-type=\"wp-page\" data-elementor-id=\"1453\" class=\"elementor elementor-1453\" data-elementor-post-type=\"page\">\n\t\t\t\t<div class=\"elementor-element elementor-element-934d04e e-flex e-con-boxed e-con e-parent\" data-id=\"934d04e\" data-element_type=\"container\" data-e-type=\"container\" data-settings=\"{&quot;background_background&quot;:&quot;gradient&quot;}\">\n\t\t\t\t\t<div class=\"e-con-inner\">\n\t\t<div class=\"elementor-element elementor-element-053a6cf e-flex e-con-boxed e-con e-child\" data-id=\"053a6cf\" data-element_type=\"container\" data-e-type=\"container\">\n\t\t\t\t\t<div class=\"e-con-inner\">\n\t\t\t\t\t<\/div>\n\t\t\t\t<\/div>\n\t\t\t\t\t<\/div>\n\t\t\t\t<\/div>\n\t\t<div class=\"elementor-element elementor-element-937c335 e-flex e-con-boxed e-con e-parent\" data-id=\"937c335\" data-element_type=\"container\" data-e-type=\"container\" data-settings=\"{&quot;background_background&quot;:&quot;classic&quot;}\">\n\t\t\t\t\t<div class=\"e-con-inner\">\n\t\t<div class=\"elementor-element elementor-element-8cffd89 e-con-full e-flex e-con e-child\" data-id=\"8cffd89\" data-element_type=\"container\" data-e-type=\"container\" data-settings=\"{&quot;animation&quot;:&quot;none&quot;}\">\n\t\t\t\t<div class=\"elementor-element elementor-element-ccd7e9a elementor-widget elementor-widget-heading\" data-id=\"ccd7e9a\" data-element_type=\"widget\" data-e-type=\"widget\" data-widget_type=\"heading.default\">\n\t\t\t\t<div class=\"elementor-widget-container\">\n\t\t\t\t\t<h2 class=\"elementor-heading-title elementor-size-default\">Maintenance, Service and Repairs<\/h2>\t\t\t\t<\/div>\n\t\t\t\t<\/div>\n\t\t\t\t<div class=\"elementor-element elementor-element-0149fa8 elementor-widget__width-initial elementor-widget elementor-widget-text-editor\" data-id=\"0149fa8\" data-element_type=\"widget\" data-e-type=\"widget\" data-widget_type=\"text-editor.default\">\n\t\t\t\t<div class=\"elementor-widget-container\">\n\t\t\t\t\t\t\t\t\t<ul type=\"square\"><li>Preventive Maintenance, Corrective Maintenance, Emergency Troubleshooting, Troubleshooting, and Repair.<\/li><li>Traveling technicians with equipped service vans<\/li><li>Spare parts (new and used)<\/li><\/ul>\t\t\t\t\t\t\t\t<\/div>\n\t\t\t\t<\/div>\n\t\t\t\t<div class=\"elementor-element elementor-element-3a04bb1 elementor-widget elementor-widget-global elementor-global-1738 elementor-widget-button\" data-id=\"3a04bb1\" data-element_type=\"widget\" data-e-type=\"widget\" data-widget_type=\"button.default\">\n\t\t\t\t<div class=\"elementor-widget-container\">\n\t\t\t\t\t\t\t\t\t<div class=\"elementor-button-wrapper\">\n\t\t\t\t\t<a class=\"elementor-button elementor-button-link elementor-size-sm\" href=\"\/en\/kontakt\/\">\n\t\t\t\t\t\t<span class=\"elementor-button-content-wrapper\">\n\t\t\t\t\t\t\t\t\t<span class=\"elementor-button-text\">Contact Us<\/span>\n\t\t\t\t\t<\/span>\n\t\t\t\t\t<\/a>\n\t\t\t\t<\/div>\n\t\t\t\t\t\t\t\t<\/div>\n\t\t\t\t<\/div>\n\t\t\t\t<\/div>\n\t\t<div class=\"elementor-element elementor-element-6541633 e-con-full e-flex e-con e-child\" data-id=\"6541633\" data-element_type=\"container\" data-e-type=\"container\">\n\t\t\t\t<div class=\"elementor-element elementor-element-de3a608 elementor-widget elementor-widget-image\" data-id=\"de3a608\" data-element_type=\"widget\" data-e-type=\"widget\" data-settings=\"{&quot;_animation_tablet&quot;:&quot;fadeInUp&quot;}\" data-widget_type=\"image.default\">\n\t\t\t\t<div class=\"elementor-widget-container\">\n\t\t\t\t\t\t\t\t\t\t\t\t\t\t\t<img fetchpriority=\"high\" decoding=\"async\" width=\"1280\" height=\"854\" src=\"https:\/\/www.systemservice.se\/wp-content\/uploads\/2024\/02\/kran.jpg\" class=\"attachment-full size-full wp-image-662\" alt=\"\" srcset=\"https:\/\/www.systemservice.se\/wp-content\/uploads\/2024\/02\/kran.jpg 1280w, https:\/\/www.systemservice.se\/wp-content\/uploads\/2024\/02\/kran-300x200.jpg 300w, https:\/\/www.systemservice.se\/wp-content\/uploads\/2024\/02\/kran-1024x683.jpg 1024w, https:\/\/www.systemservice.se\/wp-content\/uploads\/2024\/02\/kran-768x512.jpg 768w\" sizes=\"(max-width: 1280px) 100vw, 1280px\" \/>\t\t\t\t\t\t\t\t\t\t\t\t\t\t\t<\/div>\n\t\t\t\t<\/div>\n\t\t\t\t<\/div>\n\t\t\t\t\t<\/div>\n\t\t\t\t<\/div>\n\t\t\t\t<\/div>","protected":false},"excerpt":{"rendered":"<p>Underh\u00e5ll, Service och Reparationer F\u00f6rebyggande Underh\u00e5ll (FU), Avhj\u00e4lpande Underh\u00e5ll (AU), Akut Felavhj\u00e4lpning, Fels\u00f6kning, och Reparation. Resande tekniker med utrustade servicebilar Reservdelar (nytt och begagnat) kontakta oss<\/p>","protected":false},"author":1,"featured_media":0,"parent":0,"menu_order":0,"comment_status":"closed","ping_status":"closed","template":"","meta":{"footnotes":""},"class_list":["post-1453","page","type-page","status-publish","hentry"],"_links":{"self":[{"href":"https:\/\/www.systemservice.se\/en\/wp-json\/wp\/v2\/pages\/1453","targetHints":{"allow":["GET"]}}],"collection":[{"href":"https:\/\/www.systemservice.se\/en\/wp-json\/wp\/v2\/pages"}],"about":[{"href":"https:\/\/www.systemservice.se\/en\/wp-json\/wp\/v2\/types\/page"}],"author":[{"embeddable":true,"href":"https:\/\/www.systemservice.se\/en\/wp-json\/wp\/v2\/users\/1"}],"replies":[{"embeddable":true,"href":"https:\/\/www.systemservice.se\/en\/wp-json\/wp\/v2\/comments?post=1453"}],"version-history":[{"count":19,"href":"https:\/\/www.systemservice.se\/en\/wp-json\/wp\/v2\/pages\/1453\/revisions"}],"predecessor-version":[{"id":1820,"href":"https:\/\/www.systemservice.se\/en\/wp-json\/wp\/v2\/pages\/1453\/revisions\/1820"}],"wp:attachment":[{"href":"https:\/\/www.systemservice.se\/en\/wp-json\/wp\/v2\/media?parent=1453"}],"curies":[{"name":"wp","href":"https:\/\/api.w.org\/{rel}","templated":true}]}}