{"id":469,"date":"2024-02-21T13:06:29","date_gmt":"2024-02-21T12:06:29","guid":{"rendered":"https:\/\/www.systemservice.se\/?page_id=469"},"modified":"2024-05-14T13:23:35","modified_gmt":"2024-05-14T11:23:35","slug":"verksamhet","status":"publish","type":"page","link":"https:\/\/www.systemservice.se\/en\/verksamhet\/","title":{"rendered":"Company"},"content":{"rendered":"<div data-elementor-type=\"wp-page\" data-elementor-id=\"469\" class=\"elementor elementor-469\" data-elementor-post-type=\"page\">\n\t\t\t\t<div class=\"elementor-element elementor-element-abd49f0 e-flex e-con-boxed e-con e-parent\" data-id=\"abd49f0\" data-element_type=\"container\" data-e-type=\"container\" data-settings=\"{&quot;background_background&quot;:&quot;gradient&quot;}\">\n\t\t\t\t\t<div class=\"e-con-inner\">\n\t\t<div class=\"elementor-element elementor-element-a67a221 e-flex e-con-boxed e-con e-child\" data-id=\"a67a221\" data-element_type=\"container\" data-e-type=\"container\">\n\t\t\t\t\t<div class=\"e-con-inner\">\n\t\t\t\t\t<\/div>\n\t\t\t\t<\/div>\n\t\t\t\t\t<\/div>\n\t\t\t\t<\/div>\n\t\t<div class=\"elementor-element elementor-element-3b99016 e-flex e-con-boxed e-con e-parent\" data-id=\"3b99016\" data-element_type=\"container\" data-e-type=\"container\" data-settings=\"{&quot;background_background&quot;:&quot;classic&quot;}\">\n\t\t\t\t\t<div class=\"e-con-inner\">\n\t\t<div class=\"elementor-element elementor-element-5dbfbbc e-con-full e-flex e-con e-child\" data-id=\"5dbfbbc\" data-element_type=\"container\" data-e-type=\"container\" data-settings=\"{&quot;animation&quot;:&quot;none&quot;}\">\n\t\t\t\t<div class=\"elementor-element elementor-element-4487d99 elementor-widget elementor-widget-heading\" data-id=\"4487d99\" data-element_type=\"widget\" data-e-type=\"widget\" data-widget_type=\"heading.default\">\n\t\t\t\t<div class=\"elementor-widget-container\">\n\t\t\t\t\t<h2 class=\"elementor-heading-title elementor-size-default\">Services\n<\/h2>\t\t\t\t<\/div>\n\t\t\t\t<\/div>\n\t\t\t\t<div class=\"elementor-element elementor-element-5c53739 elementor-widget__width-initial elementor-widget elementor-widget-text-editor\" data-id=\"5c53739\" data-element_type=\"widget\" data-e-type=\"widget\" data-widget_type=\"text-editor.default\">\n\t\t\t\t<div class=\"elementor-widget-container\">\n\t\t\t\t\t\t\t\t\t<p>Maintenance, Service and Repairs.<\/p>\t\t\t\t\t\t\t\t<\/div>\n\t\t\t\t<\/div>\n\t\t\t\t<div class=\"elementor-element elementor-element-ccae188 elementor-widget elementor-widget-button\" data-id=\"ccae188\" data-element_type=\"widget\" data-e-type=\"widget\" data-widget_type=\"button.default\">\n\t\t\t\t<div class=\"elementor-widget-container\">\n\t\t\t\t\t\t\t\t\t<div class=\"elementor-button-wrapper\">\n\t\t\t\t\t<a class=\"elementor-button elementor-button-link elementor-size-xs\" href=\"\/en\/tjanster\/\">\n\t\t\t\t\t\t<span class=\"elementor-button-content-wrapper\">\n\t\t\t\t\t\t<span class=\"elementor-button-icon\">\n\t\t\t\t<i aria-hidden=\"true\" class=\"arrow_right\"><\/i>\t\t\t<\/span>\n\t\t\t\t\t\t\t\t\t<span class=\"elementor-button-text\">read more<\/span>\n\t\t\t\t\t<\/span>\n\t\t\t\t\t<\/a>\n\t\t\t\t<\/div>\n\t\t\t\t\t\t\t\t<\/div>\n\t\t\t\t<\/div>\n\t\t\t\t<\/div>\n\t\t<div class=\"elementor-element elementor-element-b2c8608 e-con-full e-flex e-con e-child\" data-id=\"b2c8608\" data-element_type=\"container\" data-e-type=\"container\">\n\t\t\t\t<div class=\"elementor-element elementor-element-5f4827b elementor-widget elementor-widget-image\" data-id=\"5f4827b\" data-element_type=\"widget\" data-e-type=\"widget\" data-settings=\"{&quot;_animation_tablet&quot;:&quot;fadeInUp&quot;}\" data-widget_type=\"image.default\">\n\t\t\t\t<div class=\"elementor-widget-container\">\n\t\t\t\t\t\t\t\t\t\t\t\t\t\t\t<img fetchpriority=\"high\" decoding=\"async\" width=\"2007\" height=\"2549\" src=\"https:\/\/www.systemservice.se\/wp-content\/uploads\/2024\/03\/Elux-TK41.jpg\" class=\"attachment-full size-full wp-image-1682\" alt=\"\" srcset=\"https:\/\/www.systemservice.se\/wp-content\/uploads\/2024\/03\/Elux-TK41.jpg 2007w, https:\/\/www.systemservice.se\/wp-content\/uploads\/2024\/03\/Elux-TK41-236x300.jpg 236w, https:\/\/www.systemservice.se\/wp-content\/uploads\/2024\/03\/Elux-TK41-806x1024.jpg 806w, https:\/\/www.systemservice.se\/wp-content\/uploads\/2024\/03\/Elux-TK41-118x150.jpg 118w, https:\/\/www.systemservice.se\/wp-content\/uploads\/2024\/03\/Elux-TK41-768x975.jpg 768w, https:\/\/www.systemservice.se\/wp-content\/uploads\/2024\/03\/Elux-TK41-1209x1536.jpg 1209w, https:\/\/www.systemservice.se\/wp-content\/uploads\/2024\/03\/Elux-TK41-1613x2048.jpg 1613w, https:\/\/www.systemservice.se\/wp-content\/uploads\/2024\/03\/Elux-TK41-9x12.jpg 9w\" sizes=\"(max-width: 2007px) 100vw, 2007px\" \/>\t\t\t\t\t\t\t\t\t\t\t\t\t\t\t<\/div>\n\t\t\t\t<\/div>\n\t\t\t\t<\/div>\n\t\t\t\t\t<\/div>\n\t\t\t\t<\/div>\n\t\t<div class=\"elementor-element elementor-element-5a21bca2 e-flex e-con-boxed e-con e-parent\" data-id=\"5a21bca2\" data-element_type=\"container\" data-e-type=\"container\" data-settings=\"{&quot;background_background&quot;:&quot;classic&quot;}\">\n\t\t\t\t\t<div class=\"e-con-inner\">\n\t\t<div class=\"elementor-element elementor-element-5e17fa9d e-con-full e-flex e-con e-child\" data-id=\"5e17fa9d\" data-element_type=\"container\" data-e-type=\"container\">\n\t\t\t\t<div class=\"elementor-element elementor-element-3a7c3c95 elementor-widget elementor-widget-image\" data-id=\"3a7c3c95\" data-element_type=\"widget\" data-e-type=\"widget\" data-settings=\"{&quot;_animation_tablet&quot;:&quot;fadeInUp&quot;}\" data-widget_type=\"image.default\">\n\t\t\t\t<div class=\"elementor-widget-container\">\n\t\t\t\t\t\t\t\t\t\t\t\t\t\t\t<img decoding=\"async\" width=\"1280\" height=\"899\" src=\"https:\/\/www.systemservice.se\/wp-content\/uploads\/2024\/02\/volvo.jpg\" class=\"attachment-full size-full wp-image-1000\" alt=\"\" srcset=\"https:\/\/www.systemservice.se\/wp-content\/uploads\/2024\/02\/volvo.jpg 1280w, https:\/\/www.systemservice.se\/wp-content\/uploads\/2024\/02\/volvo-300x211.jpg 300w, https:\/\/www.systemservice.se\/wp-content\/uploads\/2024\/02\/volvo-1024x719.jpg 1024w, https:\/\/www.systemservice.se\/wp-content\/uploads\/2024\/02\/volvo-150x105.jpg 150w, https:\/\/www.systemservice.se\/wp-content\/uploads\/2024\/02\/volvo-768x539.jpg 768w\" sizes=\"(max-width: 1280px) 100vw, 1280px\" \/>\t\t\t\t\t\t\t\t\t\t\t\t\t\t\t<\/div>\n\t\t\t\t<\/div>\n\t\t\t\t<\/div>\n\t\t<div class=\"elementor-element elementor-element-7b889486 e-con-full e-flex e-con e-child\" data-id=\"7b889486\" data-element_type=\"container\" data-e-type=\"container\" data-settings=\"{&quot;animation&quot;:&quot;none&quot;}\">\n\t\t\t\t<div class=\"elementor-element elementor-element-1688cc61 elementor-widget elementor-widget-heading\" data-id=\"1688cc61\" data-element_type=\"widget\" data-e-type=\"widget\" data-widget_type=\"heading.default\">\n\t\t\t\t<div class=\"elementor-widget-container\">\n\t\t\t\t\t<h2 class=\"elementor-heading-title elementor-size-default\">Agreement<\/h2>\t\t\t\t<\/div>\n\t\t\t\t<\/div>\n\t\t\t\t<div class=\"elementor-element elementor-element-2319ee7c elementor-widget elementor-widget-text-editor\" data-id=\"2319ee7c\" data-element_type=\"widget\" data-e-type=\"widget\" data-widget_type=\"text-editor.default\">\n\t\t\t\t<div class=\"elementor-widget-container\">\n\t\t\t\t\t\t\t\t\t<p>Service och Support.<\/p>\t\t\t\t\t\t\t\t<\/div>\n\t\t\t\t<\/div>\n\t\t\t\t<div class=\"elementor-element elementor-element-86c3052 elementor-widget elementor-widget-button\" data-id=\"86c3052\" data-element_type=\"widget\" data-e-type=\"widget\" data-widget_type=\"button.default\">\n\t\t\t\t<div class=\"elementor-widget-container\">\n\t\t\t\t\t\t\t\t\t<div class=\"elementor-button-wrapper\">\n\t\t\t\t\t<a class=\"elementor-button elementor-button-link elementor-size-xs\" href=\"\/en\/avtal\/\">\n\t\t\t\t\t\t<span class=\"elementor-button-content-wrapper\">\n\t\t\t\t\t\t<span class=\"elementor-button-icon\">\n\t\t\t\t<i aria-hidden=\"true\" class=\"arrow_right\"><\/i>\t\t\t<\/span>\n\t\t\t\t\t\t\t\t\t<span class=\"elementor-button-text\">read more<\/span>\n\t\t\t\t\t<\/span>\n\t\t\t\t\t<\/a>\n\t\t\t\t<\/div>\n\t\t\t\t\t\t\t\t<\/div>\n\t\t\t\t<\/div>\n\t\t\t\t<\/div>\n\t\t\t\t\t<\/div>\n\t\t\t\t<\/div>\n\t\t<div class=\"elementor-element elementor-element-7cc68fd e-flex e-con-boxed e-con e-parent\" data-id=\"7cc68fd\" data-element_type=\"container\" data-e-type=\"container\" data-settings=\"{&quot;background_background&quot;:&quot;classic&quot;}\">\n\t\t\t\t\t<div class=\"e-con-inner\">\n\t\t<div class=\"elementor-element elementor-element-cf8b499 e-con-full e-flex e-con e-child\" data-id=\"cf8b499\" data-element_type=\"container\" data-e-type=\"container\" data-settings=\"{&quot;animation&quot;:&quot;none&quot;}\">\n\t\t\t\t<div class=\"elementor-element elementor-element-94edf84 elementor-widget elementor-widget-heading\" data-id=\"94edf84\" data-element_type=\"widget\" data-e-type=\"widget\" data-widget_type=\"heading.default\">\n\t\t\t\t<div class=\"elementor-widget-container\">\n\t\t\t\t\t<h2 class=\"elementor-heading-title elementor-size-default\">Project<\/h2>\t\t\t\t<\/div>\n\t\t\t\t<\/div>\n\t\t\t\t<div class=\"elementor-element elementor-element-a65ec7f elementor-widget__width-initial elementor-widget elementor-widget-text-editor\" data-id=\"a65ec7f\" data-element_type=\"widget\" data-e-type=\"widget\" data-widget_type=\"text-editor.default\">\n\t\t\t\t<div class=\"elementor-widget-container\">\n\t\t\t\t\t\t\t\t\t<p>Adapts the Business\/Production for the Future.<\/p>\t\t\t\t\t\t\t\t<\/div>\n\t\t\t\t<\/div>\n\t\t\t\t<div class=\"elementor-element elementor-element-9dc3f35 elementor-widget elementor-widget-button\" data-id=\"9dc3f35\" data-element_type=\"widget\" data-e-type=\"widget\" data-widget_type=\"button.default\">\n\t\t\t\t<div class=\"elementor-widget-container\">\n\t\t\t\t\t\t\t\t\t<div class=\"elementor-button-wrapper\">\n\t\t\t\t\t<a class=\"elementor-button elementor-button-link elementor-size-xs\" href=\"\/en\/projekt\/\">\n\t\t\t\t\t\t<span class=\"elementor-button-content-wrapper\">\n\t\t\t\t\t\t<span class=\"elementor-button-icon\">\n\t\t\t\t<i aria-hidden=\"true\" class=\"arrow_right\"><\/i>\t\t\t<\/span>\n\t\t\t\t\t\t\t\t\t<span class=\"elementor-button-text\">read more<\/span>\n\t\t\t\t\t<\/span>\n\t\t\t\t\t<\/a>\n\t\t\t\t<\/div>\n\t\t\t\t\t\t\t\t<\/div>\n\t\t\t\t<\/div>\n\t\t\t\t<\/div>\n\t\t<div class=\"elementor-element elementor-element-15040a5 e-con-full e-flex e-con e-child\" data-id=\"15040a5\" data-element_type=\"container\" data-e-type=\"container\">\n\t\t\t\t<div class=\"elementor-element elementor-element-77cb3f0 elementor-widget elementor-widget-image\" data-id=\"77cb3f0\" data-element_type=\"widget\" data-e-type=\"widget\" data-settings=\"{&quot;_animation_tablet&quot;:&quot;fadeInUp&quot;}\" data-widget_type=\"image.default\">\n\t\t\t\t<div class=\"elementor-widget-container\">\n\t\t\t\t\t\t\t\t\t\t\t\t\t\t\t<img decoding=\"async\" width=\"1682\" height=\"910\" src=\"https:\/\/www.systemservice.se\/wp-content\/uploads\/2024\/03\/LSS-Elux.jpg\" class=\"attachment-full size-full wp-image-1692\" alt=\"\" srcset=\"https:\/\/www.systemservice.se\/wp-content\/uploads\/2024\/03\/LSS-Elux.jpg 1682w, https:\/\/www.systemservice.se\/wp-content\/uploads\/2024\/03\/LSS-Elux-300x162.jpg 300w, https:\/\/www.systemservice.se\/wp-content\/uploads\/2024\/03\/LSS-Elux-1024x554.jpg 1024w, https:\/\/www.systemservice.se\/wp-content\/uploads\/2024\/03\/LSS-Elux-150x81.jpg 150w, https:\/\/www.systemservice.se\/wp-content\/uploads\/2024\/03\/LSS-Elux-768x416.jpg 768w, https:\/\/www.systemservice.se\/wp-content\/uploads\/2024\/03\/LSS-Elux-1536x831.jpg 1536w, https:\/\/www.systemservice.se\/wp-content\/uploads\/2024\/03\/LSS-Elux-18x10.jpg 18w\" sizes=\"(max-width: 1682px) 100vw, 1682px\" \/>\t\t\t\t\t\t\t\t\t\t\t\t\t\t\t<\/div>\n\t\t\t\t<\/div>\n\t\t\t\t<\/div>\n\t\t\t\t\t<\/div>\n\t\t\t\t<\/div>\n\t\t<div class=\"elementor-element elementor-element-286e830 e-flex e-con-boxed e-con e-parent\" data-id=\"286e830\" data-element_type=\"container\" data-e-type=\"container\" data-settings=\"{&quot;background_background&quot;:&quot;classic&quot;}\">\n\t\t\t\t\t<div class=\"e-con-inner\">\n\t\t<div class=\"elementor-element elementor-element-2c802cd e-con-full e-flex e-con e-child\" data-id=\"2c802cd\" data-element_type=\"container\" data-e-type=\"container\">\n\t\t\t\t<div class=\"elementor-element elementor-element-da1789b elementor-widget elementor-widget-image\" data-id=\"da1789b\" data-element_type=\"widget\" data-e-type=\"widget\" data-settings=\"{&quot;_animation_tablet&quot;:&quot;fadeInUp&quot;}\" data-widget_type=\"image.default\">\n\t\t\t\t<div class=\"elementor-widget-container\">\n\t\t\t\t\t\t\t\t\t\t\t\t\t\t\t<img loading=\"lazy\" decoding=\"async\" width=\"1280\" height=\"854\" src=\"https:\/\/www.systemservice.se\/wp-content\/uploads\/2024\/02\/transportor-1.jpg\" class=\"attachment-full size-full wp-image-674\" alt=\"\" srcset=\"https:\/\/www.systemservice.se\/wp-content\/uploads\/2024\/02\/transportor-1.jpg 1280w, https:\/\/www.systemservice.se\/wp-content\/uploads\/2024\/02\/transportor-1-300x200.jpg 300w, https:\/\/www.systemservice.se\/wp-content\/uploads\/2024\/02\/transportor-1-1024x683.jpg 1024w, https:\/\/www.systemservice.se\/wp-content\/uploads\/2024\/02\/transportor-1-768x512.jpg 768w\" sizes=\"(max-width: 1280px) 100vw, 1280px\" \/>\t\t\t\t\t\t\t\t\t\t\t\t\t\t\t<\/div>\n\t\t\t\t<\/div>\n\t\t\t\t<\/div>\n\t\t<div class=\"elementor-element elementor-element-6ef8ab3 e-con-full e-flex e-con e-child\" data-id=\"6ef8ab3\" data-element_type=\"container\" data-e-type=\"container\" data-settings=\"{&quot;animation&quot;:&quot;none&quot;}\">\n\t\t\t\t<div class=\"elementor-element elementor-element-cb07c4f elementor-widget elementor-widget-heading\" data-id=\"cb07c4f\" data-element_type=\"widget\" data-e-type=\"widget\" data-widget_type=\"heading.default\">\n\t\t\t\t<div class=\"elementor-widget-container\">\n\t\t\t\t\t<h2 class=\"elementor-heading-title elementor-size-default\">Prim\u00e4ra produkt&shy;omr\u00e5den<\/h2>\t\t\t\t<\/div>\n\t\t\t\t<\/div>\n\t\t\t\t<div class=\"elementor-element elementor-element-bdaf8c3 elementor-widget elementor-widget-text-editor\" data-id=\"bdaf8c3\" data-element_type=\"widget\" data-e-type=\"widget\" data-widget_type=\"text-editor.default\">\n\t\t\t\t<div class=\"elementor-widget-container\">\n\t\t\t\t\t\t\t\t\t<p>Machines and machine systems within automatic material handling.<\/p>\t\t\t\t\t\t\t\t<\/div>\n\t\t\t\t<\/div>\n\t\t\t\t<div class=\"elementor-element elementor-element-d2ecf18 elementor-widget elementor-widget-button\" data-id=\"d2ecf18\" data-element_type=\"widget\" data-e-type=\"widget\" data-widget_type=\"button.default\">\n\t\t\t\t<div class=\"elementor-widget-container\">\n\t\t\t\t\t\t\t\t\t<div class=\"elementor-button-wrapper\">\n\t\t\t\t\t<a class=\"elementor-button elementor-button-link elementor-size-xs\" href=\"\/en\/primara-produktomraden\/\">\n\t\t\t\t\t\t<span class=\"elementor-button-content-wrapper\">\n\t\t\t\t\t\t<span class=\"elementor-button-icon\">\n\t\t\t\t<i aria-hidden=\"true\" class=\"arrow_right\"><\/i>\t\t\t<\/span>\n\t\t\t\t\t\t\t\t\t<span class=\"elementor-button-text\">read more<\/span>\n\t\t\t\t\t<\/span>\n\t\t\t\t\t<\/a>\n\t\t\t\t<\/div>\n\t\t\t\t\t\t\t\t<\/div>\n\t\t\t\t<\/div>\n\t\t\t\t<\/div>\n\t\t\t\t\t<\/div>\n\t\t\t\t<\/div>\n\t\t\t\t<\/div>","protected":false},"excerpt":{"rendered":"<p>Tj\u00e4nster Underh\u00e5ll, Service och Reparationer. L\u00e4s mer h\u00e4r Avtal Service och Support. L\u00e4s mer h\u00e4r Projekt Anpassar Verksamheten\/Produktionen till Framtiden. L\u00e4s mer h\u00e4r Prim\u00e4ra produkt&shy;omr\u00e5den Maskiner och Maskinsystem inom automatisk materialhantering. L\u00e4s mer h\u00e4r<\/p>","protected":false},"author":1,"featured_media":0,"parent":0,"menu_order":0,"comment_status":"closed","ping_status":"closed","template":"elementor_header_footer","meta":{"footnotes":""},"class_list":["post-469","page","type-page","status-publish","hentry"],"_links":{"self":[{"href":"https:\/\/www.systemservice.se\/en\/wp-json\/wp\/v2\/pages\/469","targetHints":{"allow":["GET"]}}],"collection":[{"href":"https:\/\/www.systemservice.se\/en\/wp-json\/wp\/v2\/pages"}],"about":[{"href":"https:\/\/www.systemservice.se\/en\/wp-json\/wp\/v2\/types\/page"}],"author":[{"embeddable":true,"href":"https:\/\/www.systemservice.se\/en\/wp-json\/wp\/v2\/users\/1"}],"replies":[{"embeddable":true,"href":"https:\/\/www.systemservice.se\/en\/wp-json\/wp\/v2\/comments?post=469"}],"version-history":[{"count":79,"href":"https:\/\/www.systemservice.se\/en\/wp-json\/wp\/v2\/pages\/469\/revisions"}],"predecessor-version":[{"id":1930,"href":"https:\/\/www.systemservice.se\/en\/wp-json\/wp\/v2\/pages\/469\/revisions\/1930"}],"wp:attachment":[{"href":"https:\/\/www.systemservice.se\/en\/wp-json\/wp\/v2\/media?parent=469"}],"curies":[{"name":"wp","href":"https:\/\/api.w.org\/{rel}","templated":true}]}}