{"id":548,"date":"2024-02-21T13:59:20","date_gmt":"2024-02-21T12:59:20","guid":{"rendered":"https:\/\/www.systemservice.se\/?page_id=548"},"modified":"2024-04-02T10:15:34","modified_gmt":"2024-04-02T08:15:34","slug":"om-systemservice","status":"publish","type":"page","link":"https:\/\/www.systemservice.se\/en\/om-systemservice\/","title":{"rendered":"About Systemservice"},"content":{"rendered":"<div data-elementor-type=\"wp-page\" data-elementor-id=\"548\" class=\"elementor elementor-548\" data-elementor-post-type=\"page\">\n\t\t\t\t<div class=\"elementor-element elementor-element-abd49f0 e-flex e-con-boxed e-con e-parent\" data-id=\"abd49f0\" data-element_type=\"container\" data-e-type=\"container\" data-settings=\"{&quot;background_background&quot;:&quot;classic&quot;}\">\n\t\t\t\t\t<div class=\"e-con-inner\">\n\t\t<div class=\"elementor-element elementor-element-a67a221 e-flex e-con-boxed e-con e-child\" data-id=\"a67a221\" data-element_type=\"container\" data-e-type=\"container\">\n\t\t\t\t\t<div class=\"e-con-inner\">\n\t\t\t\t\t<\/div>\n\t\t\t\t<\/div>\n\t\t\t\t\t<\/div>\n\t\t\t\t<\/div>\n\t\t<div class=\"elementor-element elementor-element-3b99016 e-flex e-con-boxed e-con e-parent\" data-id=\"3b99016\" data-element_type=\"container\" data-e-type=\"container\" data-settings=\"{&quot;background_background&quot;:&quot;classic&quot;}\">\n\t\t\t\t\t<div class=\"e-con-inner\">\n\t\t<div class=\"elementor-element elementor-element-5dbfbbc e-con-full e-flex e-con e-child\" data-id=\"5dbfbbc\" data-element_type=\"container\" data-e-type=\"container\" data-settings=\"{&quot;animation&quot;:&quot;none&quot;}\">\n\t\t\t\t<div class=\"elementor-element elementor-element-4487d99 elementor-widget elementor-widget-heading\" data-id=\"4487d99\" data-element_type=\"widget\" data-e-type=\"widget\" data-widget_type=\"heading.default\">\n\t\t\t\t<div class=\"elementor-widget-container\">\n\t\t\t\t\t<h2 class=\"elementor-heading-title elementor-size-default\">Background and company<\/h2>\t\t\t\t<\/div>\n\t\t\t\t<\/div>\n\t\t\t\t<div class=\"elementor-element elementor-element-5c53739 elementor-widget__width-initial elementor-widget elementor-widget-text-editor\" data-id=\"5c53739\" data-element_type=\"widget\" data-e-type=\"widget\" data-widget_type=\"text-editor.default\">\n\t\t\t\t<div class=\"elementor-widget-container\">\n\t\t\t\t\t\t\t\t\t<ul><li><strong>Founder:<\/strong> Lennart Skeppner 1990 (family owned still today)<\/li><li><strong>Employees:<\/strong> The number of employees is between 6-8 people<\/li><li><strong>Revenue:<\/strong> SEK 5-8 M\/year (depending on the projects)<\/li><li><strong>Geography:<\/strong> H\u00e4llebyG\u00e5rd, 12 km NW \u00d6rebro (Office and base for operations)<\/li><\/ul>\t\t\t\t\t\t\t\t<\/div>\n\t\t\t\t<\/div>\n\t\t\t\t<div class=\"elementor-element elementor-element-f9f1be4 elementor-widget__width-initial elementor-widget elementor-widget-text-editor\" data-id=\"f9f1be4\" data-element_type=\"widget\" data-e-type=\"widget\" data-widget_type=\"text-editor.default\">\n\t\t\t\t<div class=\"elementor-widget-container\">\n\t\t\t\t\t\t\t\t\t<p><strong>Closer to 35 years<\/strong> as an independent partner in the industry =&gt; Established and recognized in the market<\/p><h3>Business Idea:<\/h3><p>Service partner to the industry regarding machine systems for material handling and internal logistics<\/p><h3>Market:<\/h3><p>Manufacturing and food industry, logistics centers, central warehouses and forwarding agents<\/p><h3>Vision:<\/h3><p>Through satisfied customers, knowledgeable and motivated staff, become a complete service partner\/supplier<\/p>\t\t\t\t\t\t\t\t<\/div>\n\t\t\t\t<\/div>\n\t\t\t\t<div class=\"elementor-element elementor-element-343832b elementor-widget elementor-widget-global elementor-global-1738 elementor-widget-button\" data-id=\"343832b\" data-element_type=\"widget\" data-e-type=\"widget\" data-widget_type=\"button.default\">\n\t\t\t\t<div class=\"elementor-widget-container\">\n\t\t\t\t\t\t\t\t\t<div class=\"elementor-button-wrapper\">\n\t\t\t\t\t<a class=\"elementor-button elementor-button-link elementor-size-sm\" href=\"\/en\/kontakt\/\">\n\t\t\t\t\t\t<span class=\"elementor-button-content-wrapper\">\n\t\t\t\t\t\t\t\t\t<span class=\"elementor-button-text\">Contact Us<\/span>\n\t\t\t\t\t<\/span>\n\t\t\t\t\t<\/a>\n\t\t\t\t<\/div>\n\t\t\t\t\t\t\t\t<\/div>\n\t\t\t\t<\/div>\n\t\t\t\t<\/div>\n\t\t<div class=\"elementor-element elementor-element-b2c8608 e-con-full e-flex e-con e-child\" data-id=\"b2c8608\" data-element_type=\"container\" data-e-type=\"container\">\n\t\t\t\t<div class=\"elementor-element elementor-element-5f4827b elementor-widget elementor-widget-image\" data-id=\"5f4827b\" data-element_type=\"widget\" data-e-type=\"widget\" data-settings=\"{&quot;_animation_tablet&quot;:&quot;fadeInUp&quot;}\" data-widget_type=\"image.default\">\n\t\t\t\t<div class=\"elementor-widget-container\">\n\t\t\t\t\t\t\t\t\t\t\t\t\t\t\t<img fetchpriority=\"high\" decoding=\"async\" width=\"1280\" height=\"854\" src=\"https:\/\/www.systemservice.se\/wp-content\/uploads\/2024\/02\/om-systemservice1.jpg\" class=\"attachment-full size-full wp-image-647\" alt=\"\" srcset=\"https:\/\/www.systemservice.se\/wp-content\/uploads\/2024\/02\/om-systemservice1.jpg 1280w, https:\/\/www.systemservice.se\/wp-content\/uploads\/2024\/02\/om-systemservice1-300x200.jpg 300w, https:\/\/www.systemservice.se\/wp-content\/uploads\/2024\/02\/om-systemservice1-1024x683.jpg 1024w, https:\/\/www.systemservice.se\/wp-content\/uploads\/2024\/02\/om-systemservice1-768x512.jpg 768w\" sizes=\"(max-width: 1280px) 100vw, 1280px\" \/>\t\t\t\t\t\t\t\t\t\t\t\t\t\t\t<\/div>\n\t\t\t\t<\/div>\n\t\t<div class=\"elementor-element elementor-element-748a773 e-con-full elementor-hidden-desktop elementor-hidden-tablet elementor-hidden-mobile e-flex e-con e-child\" data-id=\"748a773\" data-element_type=\"container\" data-e-type=\"container\" data-settings=\"{&quot;background_background&quot;:&quot;gradient&quot;,&quot;position&quot;:&quot;absolute&quot;}\">\n\t\t\t\t<div class=\"elementor-element elementor-element-dcaa69e elementor-hidden-desktop elementor-hidden-tablet elementor-hidden-mobile elementor-view-default elementor-position-block-start elementor-mobile-position-block-start elementor-widget elementor-widget-icon-box\" data-id=\"dcaa69e\" data-element_type=\"widget\" data-e-type=\"widget\" data-widget_type=\"icon-box.default\">\n\t\t\t\t<div class=\"elementor-widget-container\">\n\t\t\t\t\t\t\t<div class=\"elementor-icon-box-wrapper\">\n\n\t\t\t\t\t\t<div class=\"elementor-icon-box-icon\">\n\t\t\t\t<span  class=\"elementor-icon\">\n\t\t\t\t<svg aria-hidden=\"true\" class=\"e-font-icon-svg e-far-building\" viewbox=\"0 0 448 512\" xmlns=\"http:\/\/www.w3.org\/2000\/svg\"><path d=\"M128 148v-40c0-6.6 5.4-12 12-12h40c6.6 0 12 5.4 12 12v40c0 6.6-5.4 12-12 12h-40c-6.6 0-12-5.4-12-12zm140 12h40c6.6 0 12-5.4 12-12v-40c0-6.6-5.4-12-12-12h-40c-6.6 0-12 5.4-12 12v40c0 6.6 5.4 12 12 12zm-128 96h40c6.6 0 12-5.4 12-12v-40c0-6.6-5.4-12-12-12h-40c-6.6 0-12 5.4-12 12v40c0 6.6 5.4 12 12 12zm128 0h40c6.6 0 12-5.4 12-12v-40c0-6.6-5.4-12-12-12h-40c-6.6 0-12 5.4-12 12v40c0 6.6 5.4 12 12 12zm-76 84v-40c0-6.6-5.4-12-12-12h-40c-6.6 0-12 5.4-12 12v40c0 6.6 5.4 12 12 12h40c6.6 0 12-5.4 12-12zm76 12h40c6.6 0 12-5.4 12-12v-40c0-6.6-5.4-12-12-12h-40c-6.6 0-12 5.4-12 12v40c0 6.6 5.4 12 12 12zm180 124v36H0v-36c0-6.6 5.4-12 12-12h19.5V24c0-13.3 10.7-24 24-24h337c13.3 0 24 10.7 24 24v440H436c6.6 0 12 5.4 12 12zM79.5 463H192v-67c0-6.6 5.4-12 12-12h40c6.6 0 12 5.4 12 12v67h112.5V49L80 48l-.5 415z\"><\/path><\/svg>\t\t\t\t<\/span>\n\t\t\t<\/div>\n\t\t\t\n\t\t\t\t\t\t<div class=\"elementor-icon-box-content\">\n\n\t\t\t\t\t\t\t\t\t<div class=\"elementor-icon-box-title\">\n\t\t\t\t\t\t<span  >\n\t\t\t\t\t\t\tSedan 90 talet\t\t\t\t\t\t<\/span>\n\t\t\t\t\t<\/div>\n\t\t\t\t\n\t\t\t\t\t\t\t\t\t<p class=\"elementor-icon-box-description\">\n\t\t\t\t\t\tSpecialister p\u00e5 automatisk materialhantering\t\t\t\t\t<\/p>\n\t\t\t\t\n\t\t\t<\/div>\n\t\t\t\n\t\t<\/div>\n\t\t\t\t\t\t<\/div>\n\t\t\t\t<\/div>\n\t\t\t\t<\/div>\n\t\t\t\t<\/div>\n\t\t\t\t\t<\/div>\n\t\t\t\t<\/div>\n\t\t<div class=\"elementor-element elementor-element-ff096af e-flex e-con-boxed e-con e-parent\" data-id=\"ff096af\" data-element_type=\"container\" data-e-type=\"container\" data-settings=\"{&quot;background_background&quot;:&quot;classic&quot;}\">\n\t\t\t\t\t<div class=\"e-con-inner\">\n\t\t<div class=\"elementor-element elementor-element-128910e e-con-full e-flex e-con e-child\" data-id=\"128910e\" data-element_type=\"container\" data-e-type=\"container\" data-settings=\"{&quot;animation&quot;:&quot;none&quot;}\">\n\t\t\t\t<div class=\"elementor-element elementor-element-fa13242 elementor-widget elementor-widget-heading\" data-id=\"fa13242\" data-element_type=\"widget\" data-e-type=\"widget\" data-widget_type=\"heading.default\">\n\t\t\t\t<div class=\"elementor-widget-container\">\n\t\t\t\t\t<h2 class=\"elementor-heading-title elementor-size-default\">Employees<\/h2>\t\t\t\t<\/div>\n\t\t\t\t<\/div>\n\t\t\t\t<div class=\"elementor-element elementor-element-2f47cdf elementor-widget elementor-widget-button\" data-id=\"2f47cdf\" data-element_type=\"widget\" data-e-type=\"widget\" data-widget_type=\"button.default\">\n\t\t\t\t<div class=\"elementor-widget-container\">\n\t\t\t\t\t\t\t\t\t<div class=\"elementor-button-wrapper\">\n\t\t\t\t\t<a class=\"elementor-button elementor-button-link elementor-size-xs\" href=\"\/en\/personalen\/\">\n\t\t\t\t\t\t<span class=\"elementor-button-content-wrapper\">\n\t\t\t\t\t\t<span class=\"elementor-button-icon\">\n\t\t\t\t<i aria-hidden=\"true\" class=\"arrow_right\"><\/i>\t\t\t<\/span>\n\t\t\t\t\t\t\t\t\t<span class=\"elementor-button-text\">Our staff<\/span>\n\t\t\t\t\t<\/span>\n\t\t\t\t\t<\/a>\n\t\t\t\t<\/div>\n\t\t\t\t\t\t\t\t<\/div>\n\t\t\t\t<\/div>\n\t\t\t\t<\/div>\n\t\t<div class=\"elementor-element elementor-element-10ab46f e-con-full e-flex e-con e-child\" data-id=\"10ab46f\" data-element_type=\"container\" data-e-type=\"container\">\n\t\t\t\t<div class=\"elementor-element elementor-element-89a960c elementor-widget elementor-widget-image\" data-id=\"89a960c\" data-element_type=\"widget\" data-e-type=\"widget\" data-settings=\"{&quot;_animation_tablet&quot;:&quot;fadeInUp&quot;}\" data-widget_type=\"image.default\">\n\t\t\t\t<div class=\"elementor-widget-container\">\n\t\t\t\t\t\t\t\t\t\t\t\t\t\t\t<img decoding=\"async\" width=\"1280\" height=\"899\" src=\"https:\/\/www.systemservice.se\/wp-content\/uploads\/2024\/02\/volvo.jpg\" class=\"attachment-full size-full wp-image-1000\" alt=\"\" srcset=\"https:\/\/www.systemservice.se\/wp-content\/uploads\/2024\/02\/volvo.jpg 1280w, https:\/\/www.systemservice.se\/wp-content\/uploads\/2024\/02\/volvo-300x211.jpg 300w, https:\/\/www.systemservice.se\/wp-content\/uploads\/2024\/02\/volvo-1024x719.jpg 1024w, https:\/\/www.systemservice.se\/wp-content\/uploads\/2024\/02\/volvo-150x105.jpg 150w, https:\/\/www.systemservice.se\/wp-content\/uploads\/2024\/02\/volvo-768x539.jpg 768w\" sizes=\"(max-width: 1280px) 100vw, 1280px\" \/>\t\t\t\t\t\t\t\t\t\t\t\t\t\t\t<\/div>\n\t\t\t\t<\/div>\n\t\t\t\t<\/div>\n\t\t\t\t\t<\/div>\n\t\t\t\t<\/div>\n\t\t<div class=\"elementor-element elementor-element-177a976 e-flex e-con-boxed e-con e-parent\" data-id=\"177a976\" data-element_type=\"container\" data-e-type=\"container\" data-settings=\"{&quot;background_background&quot;:&quot;classic&quot;}\">\n\t\t\t\t\t<div class=\"e-con-inner\">\n\t\t<div class=\"elementor-element elementor-element-eb00073 e-con-full e-flex e-con e-child\" data-id=\"eb00073\" data-element_type=\"container\" data-e-type=\"container\" data-settings=\"{&quot;animation&quot;:&quot;none&quot;}\">\n\t\t\t\t<div class=\"elementor-element elementor-element-110bd3d elementor-widget elementor-widget-heading\" data-id=\"110bd3d\" data-element_type=\"widget\" data-e-type=\"widget\" data-widget_type=\"heading.default\">\n\t\t\t\t<div class=\"elementor-widget-container\">\n\t\t\t\t\t<h2 class=\"elementor-heading-title elementor-size-default\">Work at Systemservice <\/h2>\t\t\t\t<\/div>\n\t\t\t\t<\/div>\n\t\t\t\t<div class=\"elementor-element elementor-element-72b8131 elementor-widget__width-initial elementor-widget elementor-widget-text-editor\" data-id=\"72b8131\" data-element_type=\"widget\" data-e-type=\"widget\" data-widget_type=\"text-editor.default\">\n\t\t\t\t<div class=\"elementor-widget-container\">\n\t\t\t\t\t\t\t\t\t<p>Our industry is dynamic, we want to be there where it happens and our staff are constantly faced with new challenges. <br \/>The person who suits us is a handy person, calm and composed, hungry for challenges and able to travel a lot in the service.<\/p><p>If the person is also a technician with experience, that is a plus.<\/p><p><strong>Feel free to contact us via:\u00a0<\/strong><\/p>\t\t\t\t\t\t\t\t<\/div>\n\t\t\t\t<\/div>\n\t\t\t\t<div class=\"elementor-element elementor-element-b180f7a elementor-widget elementor-widget-button\" data-id=\"b180f7a\" data-element_type=\"widget\" data-e-type=\"widget\" data-widget_type=\"button.default\">\n\t\t\t\t<div class=\"elementor-widget-container\">\n\t\t\t\t\t\t\t\t\t<div class=\"elementor-button-wrapper\">\n\t\t\t\t\t<a class=\"elementor-button elementor-button-link elementor-size-xs\" href=\"mailto:info@systemservice.se\">\n\t\t\t\t\t\t<span class=\"elementor-button-content-wrapper\">\n\t\t\t\t\t\t<span class=\"elementor-button-icon\">\n\t\t\t\t<i aria-hidden=\"true\" class=\"arrow_right\"><\/i>\t\t\t<\/span>\n\t\t\t\t\t\t\t\t\t<span class=\"elementor-button-text\">info@systemservice.se<\/span>\n\t\t\t\t\t<\/span>\n\t\t\t\t\t<\/a>\n\t\t\t\t<\/div>\n\t\t\t\t\t\t\t\t<\/div>\n\t\t\t\t<\/div>\n\t\t\t\t<\/div>\n\t\t<div class=\"elementor-element elementor-element-b1b9e6e e-con-full e-flex e-con e-child\" data-id=\"b1b9e6e\" data-element_type=\"container\" data-e-type=\"container\">\n\t\t\t\t<div class=\"elementor-element elementor-element-43a3148 elementor-widget elementor-widget-image\" data-id=\"43a3148\" data-element_type=\"widget\" data-e-type=\"widget\" data-settings=\"{&quot;_animation_tablet&quot;:&quot;fadeInUp&quot;}\" data-widget_type=\"image.default\">\n\t\t\t\t<div class=\"elementor-widget-container\">\n\t\t\t\t\t\t\t\t\t\t\t\t\t\t\t<img decoding=\"async\" width=\"2560\" height=\"1752\" src=\"https:\/\/www.systemservice.se\/wp-content\/uploads\/2024\/03\/B3_Caddy1-scaled.jpg\" class=\"attachment-full size-full wp-image-1672\" alt=\"\" srcset=\"https:\/\/www.systemservice.se\/wp-content\/uploads\/2024\/03\/B3_Caddy1-scaled.jpg 2560w, https:\/\/www.systemservice.se\/wp-content\/uploads\/2024\/03\/B3_Caddy1-300x205.jpg 300w, https:\/\/www.systemservice.se\/wp-content\/uploads\/2024\/03\/B3_Caddy1-1024x701.jpg 1024w, https:\/\/www.systemservice.se\/wp-content\/uploads\/2024\/03\/B3_Caddy1-150x103.jpg 150w, https:\/\/www.systemservice.se\/wp-content\/uploads\/2024\/03\/B3_Caddy1-768x526.jpg 768w, https:\/\/www.systemservice.se\/wp-content\/uploads\/2024\/03\/B3_Caddy1-1536x1051.jpg 1536w, https:\/\/www.systemservice.se\/wp-content\/uploads\/2024\/03\/B3_Caddy1-2048x1401.jpg 2048w, https:\/\/www.systemservice.se\/wp-content\/uploads\/2024\/03\/B3_Caddy1-18x12.jpg 18w\" sizes=\"(max-width: 2560px) 100vw, 2560px\" \/>\t\t\t\t\t\t\t\t\t\t\t\t\t\t\t<\/div>\n\t\t\t\t<\/div>\n\t\t\t\t<\/div>\n\t\t\t\t\t<\/div>\n\t\t\t\t<\/div>\n\t\t<div class=\"elementor-element elementor-element-5a21bca2 e-flex e-con-boxed e-con e-parent\" data-id=\"5a21bca2\" data-element_type=\"container\" data-e-type=\"container\" data-settings=\"{&quot;background_background&quot;:&quot;classic&quot;}\">\n\t\t\t\t\t<div class=\"e-con-inner\">\n\t\t<div class=\"elementor-element elementor-element-5e17fa9d e-con-full e-flex e-con e-child\" data-id=\"5e17fa9d\" data-element_type=\"container\" data-e-type=\"container\">\n\t\t\t\t<div class=\"elementor-element elementor-element-3a7c3c95 elementor-widget elementor-widget-image\" data-id=\"3a7c3c95\" data-element_type=\"widget\" data-e-type=\"widget\" data-settings=\"{&quot;_animation_tablet&quot;:&quot;fadeInUp&quot;}\" data-widget_type=\"image.default\">\n\t\t\t\t<div class=\"elementor-widget-container\">\n\t\t\t\t\t\t\t\t\t\t\t\t\t\t\t<img loading=\"lazy\" decoding=\"async\" width=\"568\" height=\"435\" src=\"https:\/\/www.systemservice.se\/wp-content\/uploads\/2024\/03\/GardFlyg_99273-14.jpg\" class=\"attachment-full size-full wp-image-1686\" alt=\"\" srcset=\"https:\/\/www.systemservice.se\/wp-content\/uploads\/2024\/03\/GardFlyg_99273-14.jpg 568w, https:\/\/www.systemservice.se\/wp-content\/uploads\/2024\/03\/GardFlyg_99273-14-300x230.jpg 300w, https:\/\/www.systemservice.se\/wp-content\/uploads\/2024\/03\/GardFlyg_99273-14-150x115.jpg 150w, https:\/\/www.systemservice.se\/wp-content\/uploads\/2024\/03\/GardFlyg_99273-14-16x12.jpg 16w\" sizes=\"(max-width: 568px) 100vw, 568px\" \/>\t\t\t\t\t\t\t\t\t\t\t\t\t\t\t<\/div>\n\t\t\t\t<\/div>\n\t\t\t\t<\/div>\n\t\t<div class=\"elementor-element elementor-element-7b889486 e-con-full e-flex e-con e-child\" data-id=\"7b889486\" data-element_type=\"container\" data-e-type=\"container\" data-settings=\"{&quot;animation&quot;:&quot;none&quot;}\">\n\t\t\t\t<div class=\"elementor-element elementor-element-1688cc61 elementor-widget elementor-widget-heading\" data-id=\"1688cc61\" data-element_type=\"widget\" data-e-type=\"widget\" data-widget_type=\"heading.default\">\n\t\t\t\t<div class=\"elementor-widget-container\">\n\t\t\t\t\t<h2 class=\"elementor-heading-title elementor-size-default\">History<\/h2>\t\t\t\t<\/div>\n\t\t\t\t<\/div>\n\t\t\t\t<div class=\"elementor-element elementor-element-2319ee7c elementor-widget elementor-widget-text-editor\" data-id=\"2319ee7c\" data-element_type=\"widget\" data-e-type=\"widget\" data-widget_type=\"text-editor.default\">\n\t\t\t\t<div class=\"elementor-widget-container\">\n\t\t\t\t\t\t\t\t\t<p><strong>The company is family-owned and was founded in 1990 by Lennart Skeppner, who had previously worked in the industry for 20 years<\/strong>.<\/p><p>In 1995, the business was moved out into the countryside to H\u00e4lleby G\u00e5rd, about 10 km west of \u00d6rebro.<\/p>\t\t\t\t\t\t\t\t<\/div>\n\t\t\t\t<\/div>\n\t\t\t\t<\/div>\n\t\t\t\t\t<\/div>\n\t\t\t\t<\/div>\n\t\t\t\t<\/div>","protected":false},"excerpt":{"rendered":"<p>Bakgrund och Verksamhet Grundare: Lennart Skeppner 1990 (familje\u00e4gt \u00e4n idag) Anst\u00e4llda: Antalet anst\u00e4llda \u00e4r mellan 6-8 personer Oms\u00e4ttning: 5-8 Mkr\/\u00e5r (projektberoende) Geografi: H\u00e4llebyG\u00e5rd, 12 km NV \u00d6rebro (Kontor och bas f\u00f6r verksamheten) N\u00e4rmare 35 \u00e5r som oberoende partneri branschen =&gt; Etablerad och erk\u00e4nd p\u00e5 marknaden Aff\u00e4rsid\u00e9: Servicepartner till industrin avseende maskinsystem f\u00f6r materialhantering och internlogistik [&hellip;]<\/p>\n","protected":false},"author":1,"featured_media":0,"parent":0,"menu_order":0,"comment_status":"closed","ping_status":"closed","template":"elementor_header_footer","meta":{"footnotes":""},"class_list":["post-548","page","type-page","status-publish","hentry"],"_links":{"self":[{"href":"https:\/\/www.systemservice.se\/en\/wp-json\/wp\/v2\/pages\/548","targetHints":{"allow":["GET"]}}],"collection":[{"href":"https:\/\/www.systemservice.se\/en\/wp-json\/wp\/v2\/pages"}],"about":[{"href":"https:\/\/www.systemservice.se\/en\/wp-json\/wp\/v2\/types\/page"}],"author":[{"embeddable":true,"href":"https:\/\/www.systemservice.se\/en\/wp-json\/wp\/v2\/users\/1"}],"replies":[{"embeddable":true,"href":"https:\/\/www.systemservice.se\/en\/wp-json\/wp\/v2\/comments?post=548"}],"version-history":[{"count":39,"href":"https:\/\/www.systemservice.se\/en\/wp-json\/wp\/v2\/pages\/548\/revisions"}],"predecessor-version":[{"id":1909,"href":"https:\/\/www.systemservice.se\/en\/wp-json\/wp\/v2\/pages\/548\/revisions\/1909"}],"wp:attachment":[{"href":"https:\/\/www.systemservice.se\/en\/wp-json\/wp\/v2\/media?parent=548"}],"curies":[{"name":"wp","href":"https:\/\/api.w.org\/{rel}","templated":true}]}}